{"id":899,"date":"2019-03-13T02:12:10","date_gmt":"2019-03-13T02:12:10","guid":{"rendered":"https:\/\/www.marsbilgi.com\/index.php\/contact-us\/"},"modified":"2024-05-29T23:43:22","modified_gmt":"2024-05-29T20:43:22","slug":"iletisim","status":"publish","type":"page","link":"https:\/\/www.marsbilgi.com\/index.php\/iletisim\/","title":{"rendered":"\u0130leti\u015fim"},"content":{"rendered":"<p>[vc_row full_width=&#8221;stretch_row&#8221; background_image=&#8221;878&#8243; background_position=&#8221;center&#8221;][vc_column][tm_spacer size=&#8221;sm:150;lg:192&#8243;][tm_heading tag=&#8221;h4&#8243; custom_google_font=&#8221;&#8221; align=&#8221;center&#8221; text_color=&#8221;custom&#8221; custom_text_color=&#8221;#ffffff&#8221; font_size=&#8221;xs:34;sm:44;md:54;lg:64&#8243; line_height=&#8221;1.13&#8243;]\u0130leti\u015fim[\/tm_heading][\/vc_column][\/vc_row][vc_row full_width=&#8221;stretch_row&#8221; lg_spacing=&#8221;padding_top:120;padding_bottom:110&#8243; sm_spacing=&#8221;padding_top:100;padding_bottom:100&#8243;][vc_column offset=&#8221;vc_col-md-6&#8243;][tm_spacer size=&#8221;sm:0;lg:32&#8243;][tm_heading style=&#8221;left-line&#8221; custom_google_font=&#8221;&#8221; max_width=&#8221;540px&#8221;]Daha fazla bilgi almak i\u00e7in uzman arkada\u015flar\u0131m\u0131z ile formu doldurarak <mark>ileti\u015fime<\/mark> ge\u00e7ebilirsiniz.[\/tm_heading][tm_spacer size=&#8221;lg:12&#8243;][tm_heading tag=&#8221;div&#8221; custom_google_font=&#8221;&#8221; font_size=&#8221;lg:18&#8243; line_height=&#8221;1.67&#8243; css=&#8221;.vc_custom_1626073931615{margin-left: 34px !important;}&#8221;]En ge\u00e7 2 saat i\u00e7erisinde siz de\u011ferli m\u00fc\u015fterilerimize geri bildirim yap\u0131yoruz. E\u011fer form ile ilgili sorun ya\u015farsan\u0131z telefon veya mail yolu ilede bize ula\u015fabilirsiniz.[\/tm_heading][tm_spacer size=&#8221;sm:40&#8243;][\/vc_column][vc_column offset=&#8221;vc_col-md-6&#8243;][tm_contact_form_7 id=&#8221;903&#8243;][\/vc_column][\/vc_row][vc_row][vc_column align=&#8221;center&#8221; md_align=&#8221;center&#8221; sm_align=&#8221;center&#8221; xs_align=&#8221;center&#8221;][tm_spacer size=&#8221;lg:19&#8243;][tm_spacer size=&#8221;lg:20&#8243;][tm_heading custom_google_font=&#8221;&#8221; align=&#8221;center&#8221; md_align=&#8221;center&#8221; sm_align=&#8221;center&#8221; xs_align=&#8221;center&#8221; font_size=&#8221;sm:18;md:21;lg:24&#8243; line_height=&#8221;1.25&#8243;]Merkez Adresimiz[\/tm_heading][tm_spacer size=&#8221;lg:19&#8243;][tm_heading tag=&#8221;div&#8221; custom_google_font=&#8221;&#8221; align=&#8221;center&#8221; md_align=&#8221;center&#8221; sm_align=&#8221;center&#8221; xs_align=&#8221;center&#8221; css=&#8221;.vc_custom_1689084820635{margin-bottom: 5px !important;}&#8221;]Orucre\u0131s Mah. Tekst\u0131lkent Cad. Tekst\u0131lkent A13 Blok No: 10 S Ic Kap\u0131 No: 205 ESENLER\/ ISTANBUL[\/tm_heading][tm_heading tag=&#8221;div&#8221; custom_google_font=&#8221;&#8221; align=&#8221;center&#8221; md_align=&#8221;center&#8221; sm_align=&#8221;center&#8221; xs_align=&#8221;center&#8221; text_color=&#8221;primary&#8221; hover_text_color=&#8221;secondary&#8221; css=&#8221;.vc_custom_1626074803851{margin-bottom: 5px !important;}&#8221;]<a href=\"mailto:info@marsbilgi.com\">info@marsbilgi.com<\/a>[\/tm_heading][tm_heading tag=&#8221;div&#8221; custom_google_font=&#8221;&#8221; font_weight=&#8221;700&#8243; align=&#8221;center&#8221; md_align=&#8221;center&#8221; sm_align=&#8221;center&#8221; xs_align=&#8221;center&#8221; text_color=&#8221;custom&#8221; custom_text_color=&#8221;#696969&#8243; hover_text_color=&#8221;primary&#8221; css=&#8221;.vc_custom_1717015194402{margin-bottom: 5px !important;}&#8221;]<a href=\"tel:(+90)2128717183\">(+90) 212 871 83 53<\/a>[\/tm_heading][tm_spacer size=&#8221;lg:20&#8243;][tm_spacer size=&#8221;lg:20&#8243;][tm_spacer size=&#8221;lg:19&#8243;][\/vc_column][\/vc_row][vc_row full_width=&#8221;stretch_row&#8221; content_placement=&#8221;middle&#8221;][vc_column][vc_raw_html]JTNDaWZyYW1lJTIwc3JjJTNEJTIyaHR0cHMlM0ElMkYlMkZ3d3cuZ29vZ2xlLmNvbSUyRm1hcHMlMkZlbWJlZCUzRnBiJTNEJTIxMW0xOCUyMTFtMTIlMjExbTMlMjExZDQ0Ny4xNTcxOTgyMTgzODI2JTIxMmQyOC44NjI5OTkzNDE5MTY4NTQlMjEzZDQxLjA2NjczOTM4NzE0NDAzJTIxMm0zJTIxMWYwJTIxMmYwJTIxM2YwJTIxM20yJTIxMWkxMDI0JTIxMmk3NjglMjE0ZjEzLjElMjEzbTMlMjExbTIlMjExczB4MTRjYWIwMDE2MmNkODk1NyUyNTNBMHhhMzhlM2M5ODdiYmM0NTRlJTIxMnNUZWtzdGlsa2VudCUyNTIwQTEzJTI1MjBCbG9rJTIxNWUwJTIxM20yJTIxMXN0ciUyMTJzdHIlMjE0djE2ODkwODU4NzU0NjYlMjE1bTIlMjExc3RyJTIxMnN0ciUyMiUyMHdpZHRoJTNEJTIyMTUwMCUyMiUyMGhlaWdodCUzRCUyMjUwMCUyMiUyMHN0eWxlJTNEJTIyYm9yZGVyJTNBMCUzQiUyMiUyMGFsbG93ZnVsbHNjcmVlbiUzRCUyMiUyMiUyMGxvYWRpbmclM0QlMjJsYXp5JTIyJTNFJTNDJTJGaWZyYW1lJTNFJTBB[\/vc_raw_html][\/vc_column][\/vc_row][vc_row full_width=&#8221;stretch_row&#8221; content_placement=&#8221;middle&#8221; background_color=&#8221;custom&#8221; custom_background_color=&#8221;#f6f2ed&#8221; lg_spacing=&#8221;padding_top:84;padding_bottom:84&#8243;][vc_column offset=&#8221;vc_col-md-8&#8243;][tm_heading custom_google_font=&#8221;&#8221; sm_align=&#8221;center&#8221; font_size=&#8221;sm:28;md:34;lg:40&#8243; line_height=&#8221;1.4&#8243;]Siz de\u011ferli <mark>m\u00fc\u015fterilerimizin<\/mark> BT ile ilgili t\u00fcm sorunlar\u0131na an\u0131nda destek veriyoruz. Hangi konuda yard\u0131m istersiniz?[\/tm_heading][tm_spacer size=&#8221;sm:30&#8243;][\/vc_column][vc_column offset=&#8221;vc_col-md-4&#8243;][tm_button_group align=&#8221;right&#8221; sm_align=&#8221;center&#8221;][tm_button size=&#8221;custom&#8221; button=&#8221;url:http%3A%2F%2Fwww.marsbilgi.com%2Findex.php%2Fhizmetlerimiz%2F|title:Hizmetlerimiz&#8221; icon_align=&#8221;left&#8221; icon_type=&#8221;fontawesome5&#8243; icon_fontawesome5=&#8221;fa fa-users&#8221; color=&#8221;custom&#8221; button_bg_color_hover=&#8221;secondary&#8221; button_border_color_hover=&#8221;secondary&#8221; width=&#8221;170&#8243; icon_font_size=&#8221;lg:14&#8243;][tm_button size=&#8221;custom&#8221; button=&#8221;url:http%3A%2F%2Fwww.marsbilgi.com%2Findex.php%2Fcozumlerimiz%2F|title:%C3%87%C3%B6z%C3%BCmlerimiz&#8221; icon_align=&#8221;left&#8221; icon_type=&#8221;fontawesome5&#8243; icon_fontawesome5=&#8221;fab fa-font-awesome-flag&#8221; color=&#8221;custom&#8221; button_bg_color=&#8221;secondary&#8221; font_color=&#8221;custom&#8221; button_border_color=&#8221;secondary&#8221; button_icon_color=&#8221;custom&#8221; button_bg_color_hover=&#8221;primary&#8221; font_color_hover=&#8221;custom&#8221; button_border_color_hover=&#8221;primary&#8221; button_icon_color_hover=&#8221;custom&#8221; width=&#8221;170&#8243; custom_font_color=&#8221;#ffffff&#8221; custom_button_icon_color=&#8221;#ffffff&#8221; custom_font_color_hover=&#8221;#ffffff&#8221; custom_button_icon_color_hover=&#8221;#ffffff&#8221; icon_font_size=&#8221;lg:14&#8243;][\/tm_button_group][\/vc_column][\/vc_row]<\/p>\n","protected":false},"excerpt":{"rendered":"<p>[vc_row full_width=&#8221;stretch_row&#8221; background_image=&#8221;878&#8243; background_position=&#8221;center&#8221;][vc_column][tm_spacer size=&#8221;sm:150;lg:192&#8243;][tm_heading tag=&#8221;h4&#8243; custom_google_font=&#8221;&#8221; align=&#8221;center&#8221; text_color=&#8221;custom&#8221; custom_text_color=&#8221;#ffffff&#8221; font_size=&#8221;xs:34;sm:44;md:54;lg:64&#8243; line_height=&#8221;1.13&#8243;]\u0130leti\u015fim[\/tm_heading][\/vc_column][\/vc_row][vc_row full_width=&#8221;stretch_row&#8221; lg_spacing=&#8221;padding_top:120;padding_bottom:110&#8243; sm_spacing=&#8221;padding_top:100;padding_bottom:100&#8243;][vc_column offset=&#8221;vc_col-md-6&#8243;][tm_spacer size=&#8221;sm:0;lg:32&#8243;][tm_heading style=&#8221;left-line&#8221; custom_google_font=&#8221;&#8221; max_width=&#8221;540px&#8221;]Daha fazla bilgi almak i\u00e7in uzman arkada\u015flar\u0131m\u0131z ile formu doldurarak ileti\u015fime ge\u00e7ebilirsiniz.[\/tm_heading][tm_spacer size=&#8221;lg:12&#8243;][tm_heading tag=&#8221;div&#8221; custom_google_font=&#8221;&#8221; font_size=&#8221;lg:18&#8243; line_height=&#8221;1.67&#8243; css=&#8221;.vc_custom_1626073931615{margin-left: 34px !important;}&#8221;]En ge\u00e7 2 saat i\u00e7erisinde siz de\u011ferli m\u00fc\u015fterilerimize geri bildirim yap\u0131yoruz. E\u011fer form ile ilgili sorun ya\u015farsan\u0131z telefon veya mail yolu ilede bize ula\u015fabilirsiniz.[\/tm_heading][tm_spacer size=&#8221;sm:40&#8243;][\/vc_column][vc_column offset=&#8221;vc_col-md-6&#8243;][tm_contact_form_7 id=&#8221;903&#8243;][\/vc_column][\/vc_row][vc_row][vc_column align=&#8221;center&#8221; md_align=&#8221;center&#8221; sm_align=&#8221;center&#8221; xs_align=&#8221;center&#8221;][tm_spacer size=&#8221;lg:19&#8243;][tm_spacer size=&#8221;lg:20&#8243;][tm_heading custom_google_font=&#8221;&#8221; align=&#8221;center&#8221; md_align=&#8221;center&#8221; sm_align=&#8221;center&#8221; xs_align=&#8221;center&#8221; font_size=&#8221;sm:18;md:21;lg:24&#8243; line_height=&#8221;1.25&#8243;]Merkez Adresimiz[\/tm_heading][tm_spacer size=&#8221;lg:19&#8243;][tm_heading tag=&#8221;div&#8221; custom_google_font=&#8221;&#8221; align=&#8221;center&#8221; md_align=&#8221;center&#8221; sm_align=&#8221;center&#8221; xs_align=&#8221;center&#8221; css=&#8221;.vc_custom_1689084820635{margin-bottom: 5px !important;}&#8221;]Orucre\u0131s Mah. Tekst\u0131lkent Cad. Tekst\u0131lkent A13 Blok No: 10 S Ic Kap\u0131 No: 205 ESENLER\/ ISTANBUL[\/tm_heading][tm_heading tag=&#8221;div&#8221; custom_google_font=&#8221;&#8221; align=&#8221;center&#8221; md_align=&#8221;center&#8221; sm_align=&#8221;center&#8221; xs_align=&#8221;center&#8221; text_color=&#8221;primary&#8221; hover_text_color=&#8221;secondary&#8221; css=&#8221;.vc_custom_1626074803851{margin-bottom: 5px !important;}&#8221;]info@marsbilgi.com[\/tm_heading][tm_heading tag=&#8221;div&#8221; custom_google_font=&#8221;&#8221; font_weight=&#8221;700&#8243; align=&#8221;center&#8221; md_align=&#8221;center&#8221; sm_align=&#8221;center&#8221; xs_align=&#8221;center&#8221; text_color=&#8221;custom&#8221; custom_text_color=&#8221;#696969&#8243; hover_text_color=&#8221;primary&#8221; css=&#8221;.vc_custom_1717015194402{margin-bottom: 5px !important;}&#8221;](+90) 212 871 83 53[\/tm_heading][tm_spacer size=&#8221;lg:20&#8243;][tm_spacer size=&#8221;lg:20&#8243;][tm_spacer size=&#8221;lg:19&#8243;][\/vc_column][\/vc_row][vc_row full_width=&#8221;stretch_row&#8221; content_placement=&#8221;middle&#8221;][vc_column][vc_raw_html]JTNDaWZyYW1lJTIwc3JjJTNEJTIyaHR0cHMlM0ElMkYlMkZ3d3cuZ29vZ2xlLmNvbSUyRm1hcHMlMkZlbWJlZCUzRnBiJTNEJTIxMW0xOCUyMTFtMTIlMjExbTMlMjExZDQ0Ny4xNTcxOTgyMTgzODI2JTIxMmQyOC44NjI5OTkzNDE5MTY4NTQlMjEzZDQxLjA2NjczOTM4NzE0NDAzJTIxMm0zJTIxMWYwJTIxMmYwJTIxM2YwJTIxM20yJTIxMWkxMDI0JTIxMmk3NjglMjE0ZjEzLjElMjEzbTMlMjExbTIlMjExczB4MTRjYWIwMDE2MmNkODk1NyUyNTNBMHhhMzhlM2M5ODdiYmM0NTRlJTIxMnNUZWtzdGlsa2VudCUyNTIwQTEzJTI1MjBCbG9rJTIxNWUwJTIxM20yJTIxMXN0ciUyMTJzdHIlMjE0djE2ODkwODU4NzU0NjYlMjE1bTIlMjExc3RyJTIxMnN0ciUyMiUyMHdpZHRoJTNEJTIyMTUwMCUyMiUyMGhlaWdodCUzRCUyMjUwMCUyMiUyMHN0eWxlJTNEJTIyYm9yZGVyJTNBMCUzQiUyMiUyMGFsbG93ZnVsbHNjcmVlbiUzRCUyMiUyMiUyMGxvYWRpbmclM0QlMjJsYXp5JTIyJTNFJTNDJTJGaWZyYW1lJTNFJTBB[\/vc_raw_html][\/vc_column][\/vc_row][vc_row full_width=&#8221;stretch_row&#8221; content_placement=&#8221;middle&#8221; background_color=&#8221;custom&#8221; custom_background_color=&#8221;#f6f2ed&#8221; lg_spacing=&#8221;padding_top:84;padding_bottom:84&#8243;][vc_column offset=&#8221;vc_col-md-8&#8243;][tm_heading custom_google_font=&#8221;&#8221; sm_align=&#8221;center&#8221; font_size=&#8221;sm:28;md:34;lg:40&#8243; line_height=&#8221;1.4&#8243;]Siz de\u011ferli m\u00fc\u015fterilerimizin BT ile ilgili t\u00fcm sorunlar\u0131na an\u0131nda destek veriyoruz. Hangi konuda yard\u0131m istersiniz?[\/tm_heading][tm_spacer size=&#8221;sm:30&#8243;][\/vc_column][vc_column offset=&#8221;vc_col-md-4&#8243;][tm_button_group align=&#8221;right&#8221; sm_align=&#8221;center&#8221;][tm_button size=&#8221;custom&#8221; button=&#8221;url:http%3A%2F%2Fwww.marsbilgi.com%2Findex.php%2Fhizmetlerimiz%2F|title:Hizmetlerimiz&#8221; icon_align=&#8221;left&#8221; icon_type=&#8221;fontawesome5&#8243; icon_fontawesome5=&#8221;fa fa-users&#8221; color=&#8221;custom&#8221; button_bg_color_hover=&#8221;secondary&#8221; button_border_color_hover=&#8221;secondary&#8221; width=&#8221;170&#8243; icon_font_size=&#8221;lg:14&#8243;][tm_button size=&#8221;custom&#8221; button=&#8221;url:http%3A%2F%2Fwww.marsbilgi.com%2Findex.php%2Fcozumlerimiz%2F|title:%C3%87%C3%B6z%C3%BCmlerimiz&#8221; icon_align=&#8221;left&#8221; icon_type=&#8221;fontawesome5&#8243; icon_fontawesome5=&#8221;fab fa-font-awesome-flag&#8221; color=&#8221;custom&#8221; button_bg_color=&#8221;secondary&#8221; font_color=&#8221;custom&#8221; button_border_color=&#8221;secondary&#8221; button_icon_color=&#8221;custom&#8221; button_bg_color_hover=&#8221;primary&#8221; font_color_hover=&#8221;custom&#8221; button_border_color_hover=&#8221;primary&#8221; button_icon_color_hover=&#8221;custom&#8221; width=&#8221;170&#8243; custom_font_color=&#8221;#ffffff&#8221; custom_button_icon_color=&#8221;#ffffff&#8221; custom_font_color_hover=&#8221;#ffffff&#8221; custom_button_icon_color_hover=&#8221;#ffffff&#8221; icon_font_size=&#8221;lg:14&#8243;][\/tm_button_group][\/vc_column][\/vc_row]<\/p>\n","protected":false},"author":1,"featured_media":0,"parent":0,"menu_order":0,"comment_status":"closed","ping_status":"closed","template":"","meta":{"om_disable_all_campaigns":false,"_uf_show_specific_survey":0,"_uf_disable_surveys":false,"footnotes":""},"class_list":["post-899","page","type-page","status-publish","hentry","post-no-thumbnail"],"aioseo_notices":[],"_links":{"self":[{"href":"https:\/\/www.marsbilgi.com\/index.php\/wp-json\/wp\/v2\/pages\/899","targetHints":{"allow":["GET"]}}],"collection":[{"href":"https:\/\/www.marsbilgi.com\/index.php\/wp-json\/wp\/v2\/pages"}],"about":[{"href":"https:\/\/www.marsbilgi.com\/index.php\/wp-json\/wp\/v2\/types\/page"}],"author":[{"embeddable":true,"href":"https:\/\/www.marsbilgi.com\/index.php\/wp-json\/wp\/v2\/users\/1"}],"replies":[{"embeddable":true,"href":"https:\/\/www.marsbilgi.com\/index.php\/wp-json\/wp\/v2\/comments?post=899"}],"version-history":[{"count":1,"href":"https:\/\/www.marsbilgi.com\/index.php\/wp-json\/wp\/v2\/pages\/899\/revisions"}],"predecessor-version":[{"id":3235,"href":"https:\/\/www.marsbilgi.com\/index.php\/wp-json\/wp\/v2\/pages\/899\/revisions\/3235"}],"wp:attachment":[{"href":"https:\/\/www.marsbilgi.com\/index.php\/wp-json\/wp\/v2\/media?parent=899"}],"curies":[{"name":"wp","href":"https:\/\/api.w.org\/{rel}","templated":true}]}}