{"id":794,"date":"2019-03-12T03:06:03","date_gmt":"2019-03-12T03:06:03","guid":{"rendered":"https:\/\/www.marsbilgi.com\/index.php\/industries\/"},"modified":"2024-05-29T23:43:43","modified_gmt":"2024-05-29T20:43:43","slug":"cozumlerimiz","status":"publish","type":"page","link":"https:\/\/www.marsbilgi.com\/index.php\/cozumlerimiz\/","title":{"rendered":"\u00c7\u00f6z\u00fcmlerimiz"},"content":{"rendered":"<p>[vc_row full_width=&#8221;stretch_row&#8221;][vc_column][tm_spacer size=&#8221;lg:120&#8243;][tm_heading tag=&#8221;h4&#8243; custom_google_font=&#8221;&#8221; align=&#8221;center&#8221; font_size=&#8221;sm:28;md:34;lg:40&#8243; line_height=&#8221;1.4&#8243;]<mark>Mars Bilgi Teknolojileri ve Dan\u0131\u015fmanl\u0131k<\/mark> olarak size en do\u011fru \u00e7\u00f6z\u00fcmleri sunuyoruz.[\/tm_heading][tm_spacer size=&#8221;lg:72&#8243;][tm_grid columns=&#8221;xs:1;sm:2;lg:4&#8243; column_gutter=&#8221;lg:30&#8243; row_gutter=&#8221;lg:30&#8243;][tm_box_icon align=&#8221;center&#8221; icon_type=&#8221;linea_svg&#8221; icon_linea_svg=&#8221;linea-basic-server&#8221; box_link=&#8221;url:https%3A%2F%2Fwww.marsbilgi.com%2Findex.php%2Filetisim%2F|title:Healthcare&#8221; heading=&#8221;Sunucu&#8221; text=&#8221;\u0130htiya\u00e7lar\u0131n\u0131z ve i\u015f gereksinimleriniz do\u011frultusunda markadan ba\u011f\u0131ms\u0131z olarak, Sunucu destek ve kurulum i\u015flemlerinizi yap\u0131yoruz.<\/p>\n<p>.&#8221; button=&#8221;url:%23|title:%C4%B0leti%C5%9Fim&#8221;][tm_box_icon align=&#8221;center&#8221; icon_type=&#8221;linea_svg&#8221; icon_linea_svg=&#8221;linea-basic-elaboration-bookmark-minus&#8221; box_link=&#8221;url:https%3A%2F%2Fwww.marsbilgi.com%2Findex.php%2Filetisim%2F|title:Business&#8221; heading=&#8221;Yedekleme&#8221; text=&#8221;Kurumsal yedekleme \u00fcr\u00fcnleri ve yaz\u0131l\u0131mlar\u0131yla, t\u00fcm verilerinizi yedekleyin. Dilerseniz bulutta kopyas\u0131n\u0131 tutarak i\u015finizi sa\u011flama al\u0131n.&#8221; button=&#8221;url:%23|title:%C4%B0leti%C5%9Fim&#8221;][tm_box_icon align=&#8221;center&#8221; icon_type=&#8221;linea_svg&#8221; icon_linea_svg=&#8221;linea-basic-lock&#8221; box_link=&#8221;url:https%3A%2F%2Fwww.marsbilgi.com%2Findex.php%2Filetisim%2F|title:Education&#8221; heading=&#8221;G\u00fcvenlik \u00c7\u00f6z\u00fcmleri&#8221; button=&#8221;url:%23|title:%C4%B0leti%C5%9Fim&#8221; text=&#8221;Firewall \u00e7\u00f6z\u00fcmleri ile networkun\u00fcz\u00fc g\u00fcvence alt\u0131na alal\u0131m. Gelecek sald\u0131r\u0131lara kar\u015f\u0131 kurumsal firewall \u00fcr\u00fcnlerini kullan\u0131n.<br \/>\n.&#8221;][tm_box_icon align=&#8221;center&#8221; icon_type=&#8221;linea_svg&#8221; icon_linea_svg=&#8221;linea-basic-server-cloud&#8221; box_link=&#8221;url:https%3A%2F%2Fwww.marsbilgi.com%2Findex.php%2Filetisim%2F|title:Travel%20%26%20Adventure&#8221; heading=&#8221;Bulut \u00c7\u00f6z\u00fcmleri&#8221; text=&#8221;Sisteminizin belirli bir b\u00f6l\u00fcm\u00fcn\u00fc veya tamam\u0131n\u0131 buluta ta\u015f\u0131yabilirsiniz. \u0130sterseniz t\u00fcm sisteminizi, isterseniz de hybrid olarak bulut kullan\u0131n.<br \/>\n.&#8221; button=&#8221;url:%23|title:%C4%B0leti%C5%9Fim&#8221;][tm_box_icon align=&#8221;center&#8221; icon_type=&#8221;linea_svg&#8221; icon_linea_svg=&#8221;linea-basic-server2&#8243; box_link=&#8221;url:https%3A%2F%2Fwww.marsbilgi.com%2Findex.php%2Filetisim%2F|title:Healthcare&#8221; heading=&#8221;Sanalla\u015ft\u0131rma&#8221; text=&#8221;Globalde kabul g\u00f6rm\u00fc\u015f sanalla\u015ft\u0131rma yaz\u0131l\u0131mlar\u0131n\u0131 kullanarak, da\u011f\u0131t\u0131k altyap\u0131n\u0131z\u0131 birle\u015ftirin. Hem Donan\u0131mlar\u0131 tam kapasite kullan\u0131n hemde elektrik tasarrufu sa\u011flay\u0131n.&#8221; button=&#8221;url:http%3A%2F%2Fwww.marsbilgi.com%2Findex.php%2Filetisim%2F|title:%C4%B0leti%C5%9Fim&#8221;][tm_box_icon align=&#8221;center&#8221; icon_type=&#8221;linea_svg&#8221; icon_linea_svg=&#8221;linea-arrows-switch-horizontal&#8221; box_link=&#8221;url:https%3A%2F%2Fwww.marsbilgi.com%2Findex.php%2Filetisim%2F|title:Publishing&#8221; heading=&#8221;Altyap\u0131 ve Kablolama&#8221; text=&#8221;Ofisinizin veya \u015fueblerinizi \u00fccretsiz ke\u015fif yapal\u0131m. Altyap\u0131 ve IT altyap\u0131n\u0131z\u0131n haritas\u0131n\u0131 \u00e7\u0131karal\u0131m. Do\u011fru yat\u0131r\u0131m yaparak uzun zamanda karl\u0131 \u00e7\u0131k\u0131n.<br \/>\n.&#8221; button=&#8221;url:%23|title:%C4%B0leti%C5%9Fim&#8221;][tm_box_icon align=&#8221;center&#8221; icon_type=&#8221;linea_svg&#8221; icon_linea_svg=&#8221;linea-arrows-stretch-diagonal4&#8243; box_link=&#8221;url:https%3A%2F%2Fwww.marsbilgi.com%2Findex.php%2Filetisim%2F|title:Entertainment&#8221; heading=&#8221;\u0130\u015f S\u00fcreklili\u011fi ve Felaket Senaryolar\u0131&#8221; text=&#8221;\u0130\u015f s\u00fcreklili\u011fi, bir ar\u0131za veya felaket durumunda sistemlerinin kesintisiz bir \u015fekilde devam etmesini hedefler. Peki buna sisteminiz haz\u0131r m\u0131?<\/p>\n<p>.&#8221; button=&#8221;url:%23|title:%C4%B0leti%C5%9Fim&#8221;][tm_box_icon align=&#8221;center&#8221; icon_type=&#8221;linea_svg&#8221; icon_linea_svg=&#8221;linea-basic-gear&#8221; box_link=&#8221;url:https%3A%2F%2Fwww.marsbilgi.com%2Findex.php%2Filetisim%2F|title:Job%20-%20career&#8221; heading=&#8221;Kamera \u00c7\u00f6z\u00fcmleri&#8221; text=&#8221;Kurumunuzun g\u00fcvenli\u011fi sa\u011flanmas\u0131 i\u00e7in \u00fccretsiz ke\u015fif ve talepleriniz do\u011frultusunda kamera konumland\u0131rma ve kurulumlar\u0131 konusunda destek al\u0131n.<\/p>\n<p>.&#8221; button=&#8221;url:http%3A%2F%2Fwww.marsbilgi.com%2Findex.php%2Filetisim%2F|title:%C4%B0leti%C5%9Fim&#8221;][\/tm_grid][tm_spacer size=&#8221;lg:70&#8243;][tm_heading style=&#8221;link-style-01&#8243; tag=&#8221;div&#8221; custom_google_font=&#8221;&#8221; align=&#8221;center&#8221;]Yukar\u0131daki konular hakk\u0131nda \u00e7\u00f6z\u00fcmemi ihtiyac\u0131n\u0131z var? <a href=\"https:\/\/www.marsbilgi.com\/index.php\/iletisim\/\">Hemen ileti\u015fime ge\u00e7in!<\/a>[\/tm_heading][tm_spacer size=&#8221;lg:100&#8243;][\/vc_column][\/vc_row]<\/p>\n","protected":false},"excerpt":{"rendered":"<p>[vc_row full_width=&#8221;stretch_row&#8221;][vc_column][tm_spacer size=&#8221;lg:120&#8243;][tm_heading tag=&#8221;h4&#8243; custom_google_font=&#8221;&#8221; align=&#8221;center&#8221; font_size=&#8221;sm:28;md:34;lg:40&#8243; line_height=&#8221;1.4&#8243;]Mars Bilgi Teknolojileri ve Dan\u0131\u015fmanl\u0131k olarak size en do\u011fru \u00e7\u00f6z\u00fcmleri sunuyoruz.[\/tm_heading][tm_spacer size=&#8221;lg:72&#8243;][tm_grid columns=&#8221;xs:1;sm:2;lg:4&#8243; column_gutter=&#8221;lg:30&#8243; row_gutter=&#8221;lg:30&#8243;][tm_box_icon align=&#8221;center&#8221; icon_type=&#8221;linea_svg&#8221; icon_linea_svg=&#8221;linea-basic-server&#8221; box_link=&#8221;url:https%3A%2F%2Fwww.marsbilgi.com%2Findex.php%2Filetisim%2F|title:Healthcare&#8221; heading=&#8221;Sunucu&#8221; text=&#8221;\u0130htiya\u00e7lar\u0131n\u0131z ve i\u015f gereksinimleriniz do\u011frultusunda markadan ba\u011f\u0131ms\u0131z olarak, Sunucu destek ve kurulum i\u015flemlerinizi yap\u0131yoruz. .&#8221; button=&#8221;url:%23|title:%C4%B0leti%C5%9Fim&#8221;][tm_box_icon align=&#8221;center&#8221; icon_type=&#8221;linea_svg&#8221; icon_linea_svg=&#8221;linea-basic-elaboration-bookmark-minus&#8221; box_link=&#8221;url:https%3A%2F%2Fwww.marsbilgi.com%2Findex.php%2Filetisim%2F|title:Business&#8221; heading=&#8221;Yedekleme&#8221; text=&#8221;Kurumsal yedekleme \u00fcr\u00fcnleri ve yaz\u0131l\u0131mlar\u0131yla, t\u00fcm verilerinizi yedekleyin. Dilerseniz bulutta kopyas\u0131n\u0131 tutarak i\u015finizi sa\u011flama al\u0131n.&#8221; button=&#8221;url:%23|title:%C4%B0leti%C5%9Fim&#8221;][tm_box_icon align=&#8221;center&#8221; icon_type=&#8221;linea_svg&#8221; icon_linea_svg=&#8221;linea-basic-lock&#8221; box_link=&#8221;url:https%3A%2F%2Fwww.marsbilgi.com%2Findex.php%2Filetisim%2F|title:Education&#8221; heading=&#8221;G\u00fcvenlik \u00c7\u00f6z\u00fcmleri&#8221; button=&#8221;url:%23|title:%C4%B0leti%C5%9Fim&#8221; text=&#8221;Firewall \u00e7\u00f6z\u00fcmleri ile networkun\u00fcz\u00fc g\u00fcvence alt\u0131na alal\u0131m. Gelecek sald\u0131r\u0131lara kar\u015f\u0131 kurumsal firewall \u00fcr\u00fcnlerini kullan\u0131n. .&#8221;][tm_box_icon align=&#8221;center&#8221; icon_type=&#8221;linea_svg&#8221; icon_linea_svg=&#8221;linea-basic-server-cloud&#8221; box_link=&#8221;url:https%3A%2F%2Fwww.marsbilgi.com%2Findex.php%2Filetisim%2F|title:Travel%20%26%20Adventure&#8221; heading=&#8221;Bulut \u00c7\u00f6z\u00fcmleri&#8221; text=&#8221;Sisteminizin belirli bir b\u00f6l\u00fcm\u00fcn\u00fc veya tamam\u0131n\u0131 buluta ta\u015f\u0131yabilirsiniz. \u0130sterseniz t\u00fcm sisteminizi, isterseniz de hybrid olarak bulut kullan\u0131n. .&#8221; button=&#8221;url:%23|title:%C4%B0leti%C5%9Fim&#8221;][tm_box_icon align=&#8221;center&#8221; icon_type=&#8221;linea_svg&#8221; icon_linea_svg=&#8221;linea-basic-server2&#8243; box_link=&#8221;url:https%3A%2F%2Fwww.marsbilgi.com%2Findex.php%2Filetisim%2F|title:Healthcare&#8221; heading=&#8221;Sanalla\u015ft\u0131rma&#8221; text=&#8221;Globalde kabul g\u00f6rm\u00fc\u015f sanalla\u015ft\u0131rma yaz\u0131l\u0131mlar\u0131n\u0131 kullanarak, da\u011f\u0131t\u0131k altyap\u0131n\u0131z\u0131 birle\u015ftirin. Hem Donan\u0131mlar\u0131 tam kapasite kullan\u0131n hemde elektrik tasarrufu sa\u011flay\u0131n.&#8221; button=&#8221;url:http%3A%2F%2Fwww.marsbilgi.com%2Findex.php%2Filetisim%2F|title:%C4%B0leti%C5%9Fim&#8221;][tm_box_icon align=&#8221;center&#8221; icon_type=&#8221;linea_svg&#8221; icon_linea_svg=&#8221;linea-arrows-switch-horizontal&#8221; box_link=&#8221;url:https%3A%2F%2Fwww.marsbilgi.com%2Findex.php%2Filetisim%2F|title:Publishing&#8221; heading=&#8221;Altyap\u0131 ve Kablolama&#8221; text=&#8221;Ofisinizin veya \u015fueblerinizi \u00fccretsiz ke\u015fif yapal\u0131m. Altyap\u0131 ve IT altyap\u0131n\u0131z\u0131n haritas\u0131n\u0131 \u00e7\u0131karal\u0131m. Do\u011fru yat\u0131r\u0131m yaparak uzun zamanda karl\u0131 \u00e7\u0131k\u0131n. .&#8221; button=&#8221;url:%23|title:%C4%B0leti%C5%9Fim&#8221;][tm_box_icon align=&#8221;center&#8221; icon_type=&#8221;linea_svg&#8221; icon_linea_svg=&#8221;linea-arrows-stretch-diagonal4&#8243; box_link=&#8221;url:https%3A%2F%2Fwww.marsbilgi.com%2Findex.php%2Filetisim%2F|title:Entertainment&#8221; heading=&#8221;\u0130\u015f S\u00fcreklili\u011fi ve Felaket Senaryolar\u0131&#8221; text=&#8221;\u0130\u015f s\u00fcreklili\u011fi, bir ar\u0131za veya felaket durumunda sistemlerinin kesintisiz bir \u015fekilde devam etmesini hedefler. Peki buna sisteminiz haz\u0131r m\u0131? .&#8221; button=&#8221;url:%23|title:%C4%B0leti%C5%9Fim&#8221;][tm_box_icon align=&#8221;center&#8221; icon_type=&#8221;linea_svg&#8221; icon_linea_svg=&#8221;linea-basic-gear&#8221; box_link=&#8221;url:https%3A%2F%2Fwww.marsbilgi.com%2Findex.php%2Filetisim%2F|title:Job%20-%20career&#8221; heading=&#8221;Kamera \u00c7\u00f6z\u00fcmleri&#8221; text=&#8221;Kurumunuzun g\u00fcvenli\u011fi sa\u011flanmas\u0131 i\u00e7in \u00fccretsiz ke\u015fif ve talepleriniz do\u011frultusunda kamera konumland\u0131rma ve kurulumlar\u0131 konusunda destek al\u0131n. .&#8221; button=&#8221;url:http%3A%2F%2Fwww.marsbilgi.com%2Findex.php%2Filetisim%2F|title:%C4%B0leti%C5%9Fim&#8221;][\/tm_grid][tm_spacer size=&#8221;lg:70&#8243;][tm_heading style=&#8221;link-style-01&#8243; tag=&#8221;div&#8221; custom_google_font=&#8221;&#8221; align=&#8221;center&#8221;]Yukar\u0131daki konular hakk\u0131nda \u00e7\u00f6z\u00fcmemi ihtiyac\u0131n\u0131z var? Hemen ileti\u015fime ge\u00e7in![\/tm_heading][tm_spacer size=&#8221;lg:100&#8243;][\/vc_column][\/vc_row]<\/p>\n","protected":false},"author":1,"featured_media":0,"parent":0,"menu_order":0,"comment_status":"closed","ping_status":"closed","template":"","meta":{"om_disable_all_campaigns":false,"_uf_show_specific_survey":0,"_uf_disable_surveys":false,"footnotes":""},"class_list":["post-794","page","type-page","status-publish","hentry","post-no-thumbnail"],"aioseo_notices":[],"_links":{"self":[{"href":"https:\/\/www.marsbilgi.com\/index.php\/wp-json\/wp\/v2\/pages\/794","targetHints":{"allow":["GET"]}}],"collection":[{"href":"https:\/\/www.marsbilgi.com\/index.php\/wp-json\/wp\/v2\/pages"}],"about":[{"href":"https:\/\/www.marsbilgi.com\/index.php\/wp-json\/wp\/v2\/types\/page"}],"author":[{"embeddable":true,"href":"https:\/\/www.marsbilgi.com\/index.php\/wp-json\/wp\/v2\/users\/1"}],"replies":[{"embeddable":true,"href":"https:\/\/www.marsbilgi.com\/index.php\/wp-json\/wp\/v2\/comments?post=794"}],"version-history":[{"count":1,"href":"https:\/\/www.marsbilgi.com\/index.php\/wp-json\/wp\/v2\/pages\/794\/revisions"}],"predecessor-version":[{"id":3237,"href":"https:\/\/www.marsbilgi.com\/index.php\/wp-json\/wp\/v2\/pages\/794\/revisions\/3237"}],"wp:attachment":[{"href":"https:\/\/www.marsbilgi.com\/index.php\/wp-json\/wp\/v2\/media?parent=794"}],"curies":[{"name":"wp","href":"https:\/\/api.w.org\/{rel}","templated":true}]}}