{"id":773,"date":"2019-03-12T01:56:02","date_gmt":"2019-03-12T01:56:02","guid":{"rendered":"https:\/\/www.marsbilgi.com\/index.php\/it-services-2\/"},"modified":"2023-11-22T17:42:22","modified_gmt":"2023-11-22T14:42:22","slug":"hizmetlerimiz","status":"publish","type":"page","link":"https:\/\/www.marsbilgi.com\/index.php\/hizmetlerimiz\/","title":{"rendered":"Hizmetlerimiz"},"content":{"rendered":"<p>[vc_row full_width=&#8221;stretch_row&#8221;][vc_column][tm_spacer size=&#8221;lg:110&#8243;][tm_heading custom_google_font=&#8221;&#8221; align=&#8221;center&#8221; font_size=&#8221;sm:28;md:34;lg:40&#8243; line_height=&#8221;1.4&#8243;]Firman\u0131z i\u00e7in en do\u011fru<br \/>\n<mark>Bili\u015fim Teknolojileri <\/mark>\u00e7\u00f6z\u00fcmleri sunuyoruz.[\/tm_heading][tm_spacer size=&#8221;lg:70&#8243;][tm_grid columns=&#8221;xs:1;sm:2;lg:3&#8243; column_gutter=&#8221;lg:30&#8243; row_gutter=&#8221;lg:50&#8243;][tm_box_image align=&#8221;center&#8221; image=&#8221;784&#8243; box_link=&#8221;url:https%3A%2F%2Fwww.marsbilgi.com%2Findex.php%2Filetisim%2F|title:Hizmetlerimiz&#8221; heading=&#8221;Bak\u0131m \/ Destek Hizmetleri&#8221; text=&#8221;Firman\u0131zda IT s\u00fcre\u00e7leri ile ilgili ihtiyac\u0131n\u0131z do\u011frultusunda bir plan ve takvim belirlyirouz. \u0130sterseniz tam zamanl\u0131, isterseniz g\u00fcn bazl\u0131 veya problem oldu\u011fu zamanlarda olacak \u015fekilde Bilgi Teknoojileri personeli g\u00f6revlendiriyoruz. K\u00fc\u00e7\u00fck ayl\u0131k maliyetler ile siz m\u00fc\u015fterilerimize en iyi Bili\u015fim Destek Hizmeti veriyoruz.&#8221;][tm_box_image align=&#8221;center&#8221; image=&#8221;632&#8243; box_link=&#8221;url:https%3A%2F%2Fwww.marsbilgi.com%2Findex.php%2Filetisim%2F|title:Cloud%20Managed%20Services&#8221; heading=&#8221;Dan\u0131\u015fmanl\u0131k Hizmetleri&#8221; text=&#8221;Bilgi Teknoloji yat\u0131r\u0131m\u0131 yapmadan \u00f6nce varolan kaynaklar\u0131n\u0131z\u0131n analiz edilmesi, ihtiya\u00e7lar\u0131n\u0131z\u0131n tespiti ve bu do\u011frultuda bir yol haritas\u0131 \u00e7\u0131kart\u0131lmas\u0131, minimum maliyette hareket etminizi sa\u011flayacakt\u0131r. Bu konuda Mars Bilgi Teknoloji ve Dan\u0131\u015fmanl\u0131k olarak bizden destek alabilirsiniz.&#8221;][tm_box_image image_size=&#8221;full&#8221; align=&#8221;center&#8221; image=&#8221;782&#8243; box_link=&#8221;url:https%3A%2F%2Fwww.marsbilgi.com%2Findex.php%2Filetisim%2F|title:Managed%20IT%20Services&#8221; heading=&#8221;Ta\u015f\u0131nma Hizmetleri&#8221; text=&#8221;Sistem odan\u0131z\u0131n, datacenter\u2019\u0131n\u0131z\u0131n veya belirli IT donan\u0131mlar\u0131n\u0131z\u0131n bir ba\u015fka lokasyona ta\u015f\u0131nmas\u0131 ve yeniden montaj edilmesini Ta\u015f\u0131nma Hizmeti sat\u0131n alarak sa\u011flayabilirsiniz.&#8221;][tm_box_image align=&#8221;center&#8221; image=&#8221;779&#8243; box_link=&#8221;url:https%3A%2F%2Fwww.marsbilgi.com%2Findex.php%2Filetisim%2F|title:IT%20consultancy&#8221; heading=&#8221;E\u011fitim Hizmetleri&#8221; text=&#8221;Kurumunuzun ihtiyac\u0131 olan hem teknik hem uygulama baz\u0131nda Bilgi Teknoloji e\u011fitimlerini Mars Bilgi Teknoloji ve Dan\u0131\u015fmanl\u0131k olarak bizden temin edebilirsiniz.&#8221;][tm_box_image align=&#8221;center&#8221; image=&#8221;780&#8243; box_link=&#8221;url:https%3A%2F%2Fwww.marsbilgi.com%2Findex.php%2Filetisim%2F|title:IT%20Security%20%26%20Compliance&#8221; heading=&#8221;Proje Y\u00f6netimi&#8221; text=&#8221;Bilgi Teknolojileri kurumsal projelerinizi, sizin ad\u0131n\u0131za y\u00f6netebilir, s\u00fcreci y\u00f6nlendirerek istenilen s\u00fcrede hedefe ula\u015f\u0131lmas\u0131n\u0131 sa\u011flayabiliriz. Mars Bilgi Teknoloji ve Dan\u0131\u015fmanl\u0131k olarak proje geli\u015ftirmeden sonu\u00e7lanana kadar y\u00f6netim ekinize t\u00fcm s\u00fcre\u00e7leri raporlayal\u0131m.&#8221;][tm_box_image align=&#8221;center&#8221; image=&#8221;783&#8243; box_link=&#8221;url:https%3A%2F%2Fwww.marsbilgi.com%2Findex.php%2Filetisim%2F|title:Software%20Development&#8221; heading=&#8221;Donan\u0131m Sat\u0131\u015f Hizmetleri&#8221; text=&#8221;Bili\u015fim ile ilgili t\u00fcm sat\u0131n almalar\u0131n\u0131za yard\u0131mc\u0131 oluyor, ayriyeten talebiniz do\u011frultusunda bu konuda y\u00f6nlendirmelerde yap\u0131yoruz. Bu s\u00fcre\u00e7 sonunda uzun vadede kazanan siz m\u00fc\u015fterilerimiz oluyor.&#8221;][\/tm_grid][tm_spacer size=&#8221;sm:100;lg:120&#8243;][\/vc_column][\/vc_row]<\/p>\n","protected":false},"excerpt":{"rendered":"<p>[vc_row full_width=&#8221;stretch_row&#8221;][vc_column][tm_spacer size=&#8221;lg:110&#8243;][tm_heading custom_google_font=&#8221;&#8221; align=&#8221;center&#8221; font_size=&#8221;sm:28;md:34;lg:40&#8243; line_height=&#8221;1.4&#8243;]Firman\u0131z i\u00e7in en do\u011fru Bili\u015fim Teknolojileri \u00e7\u00f6z\u00fcmleri sunuyoruz.[\/tm_heading][tm_spacer size=&#8221;lg:70&#8243;][tm_grid columns=&#8221;xs:1;sm:2;lg:3&#8243; column_gutter=&#8221;lg:30&#8243; row_gutter=&#8221;lg:50&#8243;][tm_box_image align=&#8221;center&#8221; image=&#8221;784&#8243; box_link=&#8221;url:https%3A%2F%2Fwww.marsbilgi.com%2Findex.php%2Filetisim%2F|title:Hizmetlerimiz&#8221; heading=&#8221;Bak\u0131m \/ Destek Hizmetleri&#8221; text=&#8221;Firman\u0131zda IT s\u00fcre\u00e7leri ile ilgili ihtiyac\u0131n\u0131z do\u011frultusunda bir plan ve takvim belirlyirouz. \u0130sterseniz tam zamanl\u0131, isterseniz g\u00fcn bazl\u0131 veya problem oldu\u011fu zamanlarda olacak \u015fekilde Bilgi Teknoojileri personeli g\u00f6revlendiriyoruz. K\u00fc\u00e7\u00fck ayl\u0131k maliyetler ile siz m\u00fc\u015fterilerimize en iyi Bili\u015fim Destek Hizmeti veriyoruz.&#8221;][tm_box_image align=&#8221;center&#8221; image=&#8221;632&#8243; box_link=&#8221;url:https%3A%2F%2Fwww.marsbilgi.com%2Findex.php%2Filetisim%2F|title:Cloud%20Managed%20Services&#8221; heading=&#8221;Dan\u0131\u015fmanl\u0131k Hizmetleri&#8221; text=&#8221;Bilgi Teknoloji yat\u0131r\u0131m\u0131 yapmadan \u00f6nce varolan kaynaklar\u0131n\u0131z\u0131n analiz edilmesi, ihtiya\u00e7lar\u0131n\u0131z\u0131n tespiti ve bu do\u011frultuda bir yol haritas\u0131 \u00e7\u0131kart\u0131lmas\u0131, minimum maliyette hareket etminizi sa\u011flayacakt\u0131r. Bu konuda Mars Bilgi Teknoloji ve Dan\u0131\u015fmanl\u0131k olarak bizden destek alabilirsiniz.&#8221;][tm_box_image image_size=&#8221;full&#8221; align=&#8221;center&#8221; image=&#8221;782&#8243; box_link=&#8221;url:https%3A%2F%2Fwww.marsbilgi.com%2Findex.php%2Filetisim%2F|title:Managed%20IT%20Services&#8221; heading=&#8221;Ta\u015f\u0131nma Hizmetleri&#8221; text=&#8221;Sistem odan\u0131z\u0131n, datacenter\u2019\u0131n\u0131z\u0131n veya belirli IT donan\u0131mlar\u0131n\u0131z\u0131n bir ba\u015fka lokasyona ta\u015f\u0131nmas\u0131 ve yeniden montaj edilmesini Ta\u015f\u0131nma Hizmeti sat\u0131n alarak sa\u011flayabilirsiniz.&#8221;][tm_box_image align=&#8221;center&#8221; image=&#8221;779&#8243; box_link=&#8221;url:https%3A%2F%2Fwww.marsbilgi.com%2Findex.php%2Filetisim%2F|title:IT%20consultancy&#8221; heading=&#8221;E\u011fitim Hizmetleri&#8221; text=&#8221;Kurumunuzun ihtiyac\u0131 olan hem teknik hem uygulama baz\u0131nda Bilgi Teknoloji e\u011fitimlerini Mars Bilgi Teknoloji ve Dan\u0131\u015fmanl\u0131k olarak bizden temin edebilirsiniz.&#8221;][tm_box_image align=&#8221;center&#8221; image=&#8221;780&#8243; box_link=&#8221;url:https%3A%2F%2Fwww.marsbilgi.com%2Findex.php%2Filetisim%2F|title:IT%20Security%20%26%20Compliance&#8221; heading=&#8221;Proje Y\u00f6netimi&#8221; text=&#8221;Bilgi Teknolojileri kurumsal projelerinizi, sizin ad\u0131n\u0131za y\u00f6netebilir, s\u00fcreci y\u00f6nlendirerek istenilen s\u00fcrede hedefe ula\u015f\u0131lmas\u0131n\u0131 sa\u011flayabiliriz. Mars Bilgi Teknoloji ve Dan\u0131\u015fmanl\u0131k olarak proje geli\u015ftirmeden sonu\u00e7lanana kadar y\u00f6netim ekinize t\u00fcm s\u00fcre\u00e7leri raporlayal\u0131m.&#8221;][tm_box_image align=&#8221;center&#8221; image=&#8221;783&#8243; box_link=&#8221;url:https%3A%2F%2Fwww.marsbilgi.com%2Findex.php%2Filetisim%2F|title:Software%20Development&#8221; heading=&#8221;Donan\u0131m Sat\u0131\u015f Hizmetleri&#8221; text=&#8221;Bili\u015fim ile ilgili t\u00fcm sat\u0131n almalar\u0131n\u0131za yard\u0131mc\u0131 oluyor, ayriyeten talebiniz do\u011frultusunda bu konuda y\u00f6nlendirmelerde yap\u0131yoruz. Bu s\u00fcre\u00e7 sonunda uzun vadede kazanan siz m\u00fc\u015fterilerimiz oluyor.&#8221;][\/tm_grid][tm_spacer size=&#8221;sm:100;lg:120&#8243;][\/vc_column][\/vc_row]<\/p>\n","protected":false},"author":1,"featured_media":0,"parent":0,"menu_order":0,"comment_status":"closed","ping_status":"closed","template":"","meta":{"om_disable_all_campaigns":false,"_uf_show_specific_survey":0,"_uf_disable_surveys":false,"footnotes":""},"class_list":["post-773","page","type-page","status-publish","hentry","post-no-thumbnail"],"aioseo_notices":[],"_links":{"self":[{"href":"https:\/\/www.marsbilgi.com\/index.php\/wp-json\/wp\/v2\/pages\/773","targetHints":{"allow":["GET"]}}],"collection":[{"href":"https:\/\/www.marsbilgi.com\/index.php\/wp-json\/wp\/v2\/pages"}],"about":[{"href":"https:\/\/www.marsbilgi.com\/index.php\/wp-json\/wp\/v2\/types\/page"}],"author":[{"embeddable":true,"href":"https:\/\/www.marsbilgi.com\/index.php\/wp-json\/wp\/v2\/users\/1"}],"replies":[{"embeddable":true,"href":"https:\/\/www.marsbilgi.com\/index.php\/wp-json\/wp\/v2\/comments?post=773"}],"version-history":[{"count":7,"href":"https:\/\/www.marsbilgi.com\/index.php\/wp-json\/wp\/v2\/pages\/773\/revisions"}],"predecessor-version":[{"id":3228,"href":"https:\/\/www.marsbilgi.com\/index.php\/wp-json\/wp\/v2\/pages\/773\/revisions\/3228"}],"wp:attachment":[{"href":"https:\/\/www.marsbilgi.com\/index.php\/wp-json\/wp\/v2\/media?parent=773"}],"curies":[{"name":"wp","href":"https:\/\/api.w.org\/{rel}","templated":true}]}}