{"id":1427,"date":"2019-03-27T06:17:20","date_gmt":"2019-03-27T06:17:20","guid":{"rendered":"https:\/\/www.marsbilgi.com\/index.php\/blogs\/list-large-image\/"},"modified":"2021-07-26T12:04:36","modified_gmt":"2021-07-26T12:04:36","slug":"blogyazilari","status":"publish","type":"page","link":"https:\/\/www.marsbilgi.com\/index.php\/blogyazilari\/","title":{"rendered":"Blog Yaz\u0131lar\u0131"},"content":{"rendered":"<p>[vc_row][vc_column][tm_heading custom_google_font=&#8221;&#8221; align=&#8221;center&#8221; font_size=&#8221;sm:28;md:34;lg:40&#8243;]Teknik Konulardaki Yaz\u0131lar\u0131m\u0131za A\u015fa\u011f\u0131dan <mark>ula\u015fabilirsiniz<\/mark>[\/tm_heading][tm_spacer size=&#8221;lg:70&#8243;][tm_blog number=&#8221;6&#8243; pagination=&#8221;pagination&#8221;][\/vc_column][\/vc_row]<\/p>\n","protected":false},"excerpt":{"rendered":"<p>[vc_row][vc_column][tm_heading custom_google_font=&#8221;&#8221; align=&#8221;center&#8221; font_size=&#8221;sm:28;md:34;lg:40&#8243;]Teknik Konulardaki Yaz\u0131lar\u0131m\u0131za A\u015fa\u011f\u0131dan ula\u015fabilirsiniz[\/tm_heading][tm_spacer size=&#8221;lg:70&#8243;][tm_blog number=&#8221;6&#8243; pagination=&#8221;pagination&#8221;][\/vc_column][\/vc_row]<\/p>\n","protected":false},"author":1,"featured_media":0,"parent":0,"menu_order":0,"comment_status":"closed","ping_status":"closed","template":"","meta":{"om_disable_all_campaigns":false,"_uf_show_specific_survey":0,"_uf_disable_surveys":false,"footnotes":""},"class_list":["post-1427","page","type-page","status-publish","hentry","post-no-thumbnail"],"aioseo_notices":[],"_links":{"self":[{"href":"https:\/\/www.marsbilgi.com\/index.php\/wp-json\/wp\/v2\/pages\/1427","targetHints":{"allow":["GET"]}}],"collection":[{"href":"https:\/\/www.marsbilgi.com\/index.php\/wp-json\/wp\/v2\/pages"}],"about":[{"href":"https:\/\/www.marsbilgi.com\/index.php\/wp-json\/wp\/v2\/types\/page"}],"author":[{"embeddable":true,"href":"https:\/\/www.marsbilgi.com\/index.php\/wp-json\/wp\/v2\/users\/1"}],"replies":[{"embeddable":true,"href":"https:\/\/www.marsbilgi.com\/index.php\/wp-json\/wp\/v2\/comments?post=1427"}],"version-history":[{"count":0,"href":"https:\/\/www.marsbilgi.com\/index.php\/wp-json\/wp\/v2\/pages\/1427\/revisions"}],"wp:attachment":[{"href":"https:\/\/www.marsbilgi.com\/index.php\/wp-json\/wp\/v2\/media?parent=1427"}],"curies":[{"name":"wp","href":"https:\/\/api.w.org\/{rel}","templated":true}]}}